{"id":3303,"date":"2026-01-19T11:33:28","date_gmt":"2026-01-19T09:33:28","guid":{"rendered":"https:\/\/vpdlevel.pl\/?page_id=3303"},"modified":"2026-02-27T14:37:39","modified_gmt":"2026-02-27T12:37:39","slug":"transportation-of-purchases","status":"publish","type":"page","link":"https:\/\/vpdlevel.pl\/en\/luggage-taxis\/transportation-of-purchases\/","title":{"rendered":"Transportation of purchases (IKEA, Castorama, Leroy Merlin)"},"content":{"rendered":"","protected":false},"excerpt":{"rendered":"","protected":false},"author":1,"featured_media":0,"parent":2021,"menu_order":7,"comment_status":"closed","ping_status":"closed","template":"","meta":{"_acf_changed":false,"inline_featured_image":false,"footnotes":""},"class_list":["post-3303","page","type-page","status-publish","hentry"],"acf":[],"yoast_head":"<!-- This site is optimized with the Yoast SEO plugin v27.1.1 - https:\/\/yoast.com\/product\/yoast-seo-wordpress\/ -->\n<title>Transport zakup\u00f3w Warszawa<\/title>\n<meta name=\"description\" content=\"Transport zakup\u00f3w z IKEA, market\u00f3w budowlanych i sklep\u00f3w w Warszawie.\" \/>\n<meta name=\"robots\" content=\"index, follow, max-snippet:-1, max-image-preview:large, max-video-preview:-1\" \/>\n<link rel=\"canonical\" href=\"https:\/\/vpdlevel.pl\/en\/luggage-taxis\/transportation-of-purchases\/\" \/>\n<meta property=\"og:locale\" content=\"en_US\" \/>\n<meta property=\"og:type\" content=\"article\" \/>\n<meta property=\"og:title\" content=\"Transport zakup\u00f3w Warszawa\" \/>\n<meta property=\"og:description\" content=\"Transport zakup\u00f3w z IKEA, market\u00f3w budowlanych i sklep\u00f3w w Warszawie.\" \/>\n<meta property=\"og:url\" content=\"https:\/\/vpdlevel.pl\/en\/luggage-taxis\/transportation-of-purchases\/\" \/>\n<meta property=\"og:site_name\" content=\"vpdlevel\" \/>\n<meta property=\"article:modified_time\" content=\"2026-02-27T12:37:39+00:00\" \/>\n<meta name=\"twitter:card\" content=\"summary_large_image\" \/>\n<script type=\"application\/ld+json\" class=\"yoast-schema-graph\">{\"@context\":\"https:\/\/schema.org\",\"@graph\":[{\"@type\":\"WebPage\",\"@id\":\"https:\/\/vpdlevel.pl\/taxi-bagazowe\/transport-zakupow\/\",\"url\":\"https:\/\/vpdlevel.pl\/taxi-bagazowe\/transport-zakupow\/\",\"name\":\"Transport zakup\u00f3w Warszawa\",\"isPartOf\":{\"@id\":\"https:\/\/vpdlevel.pl\/ru\/#website\"},\"datePublished\":\"2026-01-19T09:33:28+00:00\",\"dateModified\":\"2026-02-27T12:37:39+00:00\",\"description\":\"Transport zakup\u00f3w z IKEA, market\u00f3w budowlanych i sklep\u00f3w w Warszawie.\",\"breadcrumb\":{\"@id\":\"https:\/\/vpdlevel.pl\/taxi-bagazowe\/transport-zakupow\/#breadcrumb\"},\"inLanguage\":\"en-US\",\"potentialAction\":[{\"@type\":\"ReadAction\",\"target\":[\"https:\/\/vpdlevel.pl\/taxi-bagazowe\/transport-zakupow\/\"]}]},{\"@type\":\"BreadcrumbList\",\"@id\":\"https:\/\/vpdlevel.pl\/taxi-bagazowe\/transport-zakupow\/#breadcrumb\",\"itemListElement\":[{\"@type\":\"ListItem\",\"position\":1,\"name\":\"Strona g\u0142\u00f3wna\",\"item\":\"https:\/\/vpdlevel.pl\/ru\/\"},{\"@type\":\"ListItem\",\"position\":2,\"name\":\"Taxi baga\u017cowe\",\"item\":\"https:\/\/vpdlevel.pl\/taxi-bagazowe\/\"},{\"@type\":\"ListItem\",\"position\":3,\"name\":\"Transport zakup\u00f3w (IKEA, Castorama, Leroy Merlin)\"}]},{\"@type\":\"WebSite\",\"@id\":\"https:\/\/vpdlevel.pl\/ru\/#website\",\"url\":\"https:\/\/vpdlevel.pl\/ru\/\",\"name\":\"vpdlevel\",\"description\":\"Przeprowadzki i transport towar\u00f3w\",\"publisher\":{\"@id\":\"https:\/\/vpdlevel.pl\/ru\/#organization\"},\"potentialAction\":[{\"@type\":\"SearchAction\",\"target\":{\"@type\":\"EntryPoint\",\"urlTemplate\":\"https:\/\/vpdlevel.pl\/ru\/?s={search_term_string}\"},\"query-input\":{\"@type\":\"PropertyValueSpecification\",\"valueRequired\":true,\"valueName\":\"search_term_string\"}}],\"inLanguage\":\"en-US\"},{\"@type\":\"Organization\",\"@id\":\"https:\/\/vpdlevel.pl\/ru\/#organization\",\"name\":\"vpdlevel\",\"url\":\"https:\/\/vpdlevel.pl\/ru\/\",\"logo\":{\"@type\":\"ImageObject\",\"inLanguage\":\"en-US\",\"@id\":\"https:\/\/vpdlevel.pl\/ru\/#\/schema\/logo\/image\/\",\"url\":\"https:\/\/vpdlevel.pl\/wp-content\/uploads\/2025\/05\/vpdleveldescriptor-vector-02-scaled-e1763548084162.png\",\"contentUrl\":\"https:\/\/vpdlevel.pl\/wp-content\/uploads\/2025\/05\/vpdleveldescriptor-vector-02-scaled-e1763548084162.png\",\"width\":1984,\"height\":405,\"caption\":\"vpdlevel\"},\"image\":{\"@id\":\"https:\/\/vpdlevel.pl\/ru\/#\/schema\/logo\/image\/\"}}]}<\/script>\n<!-- \/ Yoast SEO plugin. -->","yoast_head_json":{"title":"Warsaw Commercial Transport","description":"Transport of purchases from IKEA, home goods and building materials stores in Warsaw.","robots":{"index":"index","follow":"follow","max-snippet":"max-snippet:-1","max-image-preview":"max-image-preview:large","max-video-preview":"max-video-preview:-1"},"canonical":"https:\/\/vpdlevel.pl\/en\/luggage-taxis\/transportation-of-purchases\/","og_locale":"en_US","og_type":"article","og_title":"Transport zakup\u00f3w Warszawa","og_description":"Transport zakup\u00f3w z IKEA, market\u00f3w budowlanych i sklep\u00f3w w Warszawie.","og_url":"https:\/\/vpdlevel.pl\/en\/luggage-taxis\/transportation-of-purchases\/","og_site_name":"vpdlevel","article_modified_time":"2026-02-27T12:37:39+00:00","twitter_card":"summary_large_image","schema":{"@context":"https:\/\/schema.org","@graph":[{"@type":"WebPage","@id":"https:\/\/vpdlevel.pl\/taxi-bagazowe\/transport-zakupow\/","url":"https:\/\/vpdlevel.pl\/taxi-bagazowe\/transport-zakupow\/","name":"Warsaw Commercial Transport","isPartOf":{"@id":"https:\/\/vpdlevel.pl\/ru\/#website"},"datePublished":"2026-01-19T09:33:28+00:00","dateModified":"2026-02-27T12:37:39+00:00","description":"Transport of purchases from IKEA, home goods and building materials stores in Warsaw.","breadcrumb":{"@id":"https:\/\/vpdlevel.pl\/taxi-bagazowe\/transport-zakupow\/#breadcrumb"},"inLanguage":"en-US","potentialAction":[{"@type":"ReadAction","target":["https:\/\/vpdlevel.pl\/taxi-bagazowe\/transport-zakupow\/"]}]},{"@type":"BreadcrumbList","@id":"https:\/\/vpdlevel.pl\/taxi-bagazowe\/transport-zakupow\/#breadcrumb","itemListElement":[{"@type":"ListItem","position":1,"name":"Strona g\u0142\u00f3wna","item":"https:\/\/vpdlevel.pl\/ru\/"},{"@type":"ListItem","position":2,"name":"Taxi baga\u017cowe","item":"https:\/\/vpdlevel.pl\/taxi-bagazowe\/"},{"@type":"ListItem","position":3,"name":"Transport zakup\u00f3w (IKEA, Castorama, Leroy Merlin)"}]},{"@type":"WebSite","@id":"https:\/\/vpdlevel.pl\/ru\/#website","url":"https:\/\/vpdlevel.pl\/ru\/","name":"vpdlevel","description":"Removals and transportation of goods","publisher":{"@id":"https:\/\/vpdlevel.pl\/ru\/#organization"},"potentialAction":[{"@type":"SearchAction","target":{"@type":"EntryPoint","urlTemplate":"https:\/\/vpdlevel.pl\/ru\/?s={search_term_string}"},"query-input":{"@type":"PropertyValueSpecification","valueRequired":true,"valueName":"search_term_string"}}],"inLanguage":"en-US"},{"@type":"Organization","@id":"https:\/\/vpdlevel.pl\/ru\/#organization","name":"vpdlevel","url":"https:\/\/vpdlevel.pl\/ru\/","logo":{"@type":"ImageObject","inLanguage":"en-US","@id":"https:\/\/vpdlevel.pl\/ru\/#\/schema\/logo\/image\/","url":"https:\/\/vpdlevel.pl\/wp-content\/uploads\/2025\/05\/vpdleveldescriptor-vector-02-scaled-e1763548084162.png","contentUrl":"https:\/\/vpdlevel.pl\/wp-content\/uploads\/2025\/05\/vpdleveldescriptor-vector-02-scaled-e1763548084162.png","width":1984,"height":405,"caption":"vpdlevel"},"image":{"@id":"https:\/\/vpdlevel.pl\/ru\/#\/schema\/logo\/image\/"}}]}},"_links":{"self":[{"href":"https:\/\/vpdlevel.pl\/en\/wp-json\/wp\/v2\/pages\/3303","targetHints":{"allow":["GET"]}}],"collection":[{"href":"https:\/\/vpdlevel.pl\/en\/wp-json\/wp\/v2\/pages"}],"about":[{"href":"https:\/\/vpdlevel.pl\/en\/wp-json\/wp\/v2\/types\/page"}],"author":[{"embeddable":true,"href":"https:\/\/vpdlevel.pl\/en\/wp-json\/wp\/v2\/users\/1"}],"replies":[{"embeddable":true,"href":"https:\/\/vpdlevel.pl\/en\/wp-json\/wp\/v2\/comments?post=3303"}],"version-history":[{"count":1,"href":"https:\/\/vpdlevel.pl\/en\/wp-json\/wp\/v2\/pages\/3303\/revisions"}],"predecessor-version":[{"id":3886,"href":"https:\/\/vpdlevel.pl\/en\/wp-json\/wp\/v2\/pages\/3303\/revisions\/3886"}],"up":[{"embeddable":true,"href":"https:\/\/vpdlevel.pl\/en\/wp-json\/wp\/v2\/pages\/2021"}],"wp:attachment":[{"href":"https:\/\/vpdlevel.pl\/en\/wp-json\/wp\/v2\/media?parent=3303"}],"curies":[{"name":"wp","href":"https:\/\/api.w.org\/{rel}","templated":true}]}}