{"id":3386,"date":"2026-01-19T17:59:24","date_gmt":"2026-01-19T15:59:24","guid":{"rendered":"https:\/\/vpdlevel.pl\/?page_id=3386"},"modified":"2026-02-20T19:55:49","modified_gmt":"2026-02-20T17:55:49","slug":"materials-packaging","status":"publish","type":"page","link":"https:\/\/vpdlevel.pl\/en\/packaging-and-storage\/materials-packaging\/","title":{"rendered":"Packaging materials"},"content":{"rendered":"","protected":false},"excerpt":{"rendered":"","protected":false},"author":1,"featured_media":0,"parent":3260,"menu_order":52,"comment_status":"closed","ping_status":"closed","template":"","meta":{"_acf_changed":false,"inline_featured_image":false,"footnotes":""},"class_list":["post-3386","page","type-page","status-publish","hentry"],"acf":[],"yoast_head":"<!-- This site is optimized with the Yoast SEO plugin v27.1.1 - https:\/\/yoast.com\/product\/yoast-seo-wordpress\/ -->\n<title>Materia\u0142y pakowe Warszawa | Kartony i folie<\/title>\n<meta name=\"description\" content=\"Sprzeda\u017c materia\u0142\u00f3w pakowych w Warszawie: kartony, folie stretch, ta\u015bmy i zabezpieczenia.\" \/>\n<meta name=\"robots\" content=\"index, follow, max-snippet:-1, max-image-preview:large, max-video-preview:-1\" \/>\n<link rel=\"canonical\" href=\"https:\/\/vpdlevel.pl\/en\/packaging-and-storage\/materials-packaging\/\" \/>\n<meta property=\"og:locale\" content=\"en_US\" \/>\n<meta property=\"og:type\" content=\"article\" \/>\n<meta property=\"og:title\" content=\"Materia\u0142y pakowe Warszawa | Kartony i folie\" \/>\n<meta property=\"og:description\" content=\"Sprzeda\u017c materia\u0142\u00f3w pakowych w Warszawie: kartony, folie stretch, ta\u015bmy i zabezpieczenia.\" \/>\n<meta property=\"og:url\" content=\"https:\/\/vpdlevel.pl\/en\/packaging-and-storage\/materials-packaging\/\" \/>\n<meta property=\"og:site_name\" content=\"vpdlevel\" \/>\n<meta property=\"article:modified_time\" content=\"2026-02-20T17:55:49+00:00\" \/>\n<meta name=\"twitter:card\" content=\"summary_large_image\" \/>\n<script type=\"application\/ld+json\" class=\"yoast-schema-graph\">{\"@context\":\"https:\/\/schema.org\",\"@graph\":[{\"@type\":\"WebPage\",\"@id\":\"https:\/\/vpdlevel.pl\/pakowanie-i-magazynowanie\/materialy-pakowe\/\",\"url\":\"https:\/\/vpdlevel.pl\/pakowanie-i-magazynowanie\/materialy-pakowe\/\",\"name\":\"Materia\u0142y pakowe Warszawa | Kartony i folie\",\"isPartOf\":{\"@id\":\"https:\/\/vpdlevel.pl\/#website\"},\"datePublished\":\"2026-01-19T15:59:24+00:00\",\"dateModified\":\"2026-02-20T17:55:49+00:00\",\"description\":\"Sprzeda\u017c materia\u0142\u00f3w pakowych w Warszawie: kartony, folie stretch, ta\u015bmy i zabezpieczenia.\",\"breadcrumb\":{\"@id\":\"https:\/\/vpdlevel.pl\/pakowanie-i-magazynowanie\/materialy-pakowe\/#breadcrumb\"},\"inLanguage\":\"en-US\",\"potentialAction\":[{\"@type\":\"ReadAction\",\"target\":[\"https:\/\/vpdlevel.pl\/pakowanie-i-magazynowanie\/materialy-pakowe\/\"]}]},{\"@type\":\"BreadcrumbList\",\"@id\":\"https:\/\/vpdlevel.pl\/pakowanie-i-magazynowanie\/materialy-pakowe\/#breadcrumb\",\"itemListElement\":[{\"@type\":\"ListItem\",\"position\":1,\"name\":\"Strona g\u0142\u00f3wna\",\"item\":\"https:\/\/vpdlevel.pl\/\"},{\"@type\":\"ListItem\",\"position\":2,\"name\":\"Pakowanie i magazynowanie\",\"item\":\"https:\/\/vpdlevel.pl\/pakowanie-i-magazynowanie\/\"},{\"@type\":\"ListItem\",\"position\":3,\"name\":\"Materia\u0142y pakowe\"}]},{\"@type\":\"WebSite\",\"@id\":\"https:\/\/vpdlevel.pl\/#website\",\"url\":\"https:\/\/vpdlevel.pl\/\",\"name\":\"vpdlevel\",\"description\":\"Przeprowadzki i transport towar\u00f3w\",\"publisher\":{\"@id\":\"https:\/\/vpdlevel.pl\/#organization\"},\"potentialAction\":[{\"@type\":\"SearchAction\",\"target\":{\"@type\":\"EntryPoint\",\"urlTemplate\":\"https:\/\/vpdlevel.pl\/?s={search_term_string}\"},\"query-input\":{\"@type\":\"PropertyValueSpecification\",\"valueRequired\":true,\"valueName\":\"search_term_string\"}}],\"inLanguage\":\"en-US\"},{\"@type\":\"Organization\",\"@id\":\"https:\/\/vpdlevel.pl\/#organization\",\"name\":\"vpdlevel\",\"url\":\"https:\/\/vpdlevel.pl\/\",\"logo\":{\"@type\":\"ImageObject\",\"inLanguage\":\"en-US\",\"@id\":\"https:\/\/vpdlevel.pl\/#\/schema\/logo\/image\/\",\"url\":\"https:\/\/vpdlevel.pl\/wp-content\/uploads\/2025\/05\/vpdleveldescriptor-vector-02-scaled-e1763548084162.png\",\"contentUrl\":\"https:\/\/vpdlevel.pl\/wp-content\/uploads\/2025\/05\/vpdleveldescriptor-vector-02-scaled-e1763548084162.png\",\"width\":1984,\"height\":405,\"caption\":\"vpdlevel\"},\"image\":{\"@id\":\"https:\/\/vpdlevel.pl\/#\/schema\/logo\/image\/\"}}]}<\/script>\n<!-- \/ Yoast SEO plugin. -->","yoast_head_json":{"title":"Packaging Materials Warsaw | Cardboard and Foil","description":"Sale of packaging materials in Warsaw: cardboard, stretch film, tapes and protective materials.","robots":{"index":"index","follow":"follow","max-snippet":"max-snippet:-1","max-image-preview":"max-image-preview:large","max-video-preview":"max-video-preview:-1"},"canonical":"https:\/\/vpdlevel.pl\/en\/packaging-and-storage\/materials-packaging\/","og_locale":"en_US","og_type":"article","og_title":"Materia\u0142y pakowe Warszawa | Kartony i folie","og_description":"Sprzeda\u017c materia\u0142\u00f3w pakowych w Warszawie: kartony, folie stretch, ta\u015bmy i zabezpieczenia.","og_url":"https:\/\/vpdlevel.pl\/en\/packaging-and-storage\/materials-packaging\/","og_site_name":"vpdlevel","article_modified_time":"2026-02-20T17:55:49+00:00","twitter_card":"summary_large_image","schema":{"@context":"https:\/\/schema.org","@graph":[{"@type":"WebPage","@id":"https:\/\/vpdlevel.pl\/pakowanie-i-magazynowanie\/materialy-pakowe\/","url":"https:\/\/vpdlevel.pl\/pakowanie-i-magazynowanie\/materialy-pakowe\/","name":"Packaging Materials Warsaw | Cardboard and Foil","isPartOf":{"@id":"https:\/\/vpdlevel.pl\/#website"},"datePublished":"2026-01-19T15:59:24+00:00","dateModified":"2026-02-20T17:55:49+00:00","description":"Sale of packaging materials in Warsaw: cardboard, stretch film, tapes and protective materials.","breadcrumb":{"@id":"https:\/\/vpdlevel.pl\/pakowanie-i-magazynowanie\/materialy-pakowe\/#breadcrumb"},"inLanguage":"en-US","potentialAction":[{"@type":"ReadAction","target":["https:\/\/vpdlevel.pl\/pakowanie-i-magazynowanie\/materialy-pakowe\/"]}]},{"@type":"BreadcrumbList","@id":"https:\/\/vpdlevel.pl\/pakowanie-i-magazynowanie\/materialy-pakowe\/#breadcrumb","itemListElement":[{"@type":"ListItem","position":1,"name":"Strona g\u0142\u00f3wna","item":"https:\/\/vpdlevel.pl\/"},{"@type":"ListItem","position":2,"name":"Pakowanie i magazynowanie","item":"https:\/\/vpdlevel.pl\/pakowanie-i-magazynowanie\/"},{"@type":"ListItem","position":3,"name":"Materia\u0142y pakowe"}]},{"@type":"WebSite","@id":"https:\/\/vpdlevel.pl\/#website","url":"https:\/\/vpdlevel.pl\/","name":"vpdlevel","description":"Removals and transportation of goods","publisher":{"@id":"https:\/\/vpdlevel.pl\/#organization"},"potentialAction":[{"@type":"SearchAction","target":{"@type":"EntryPoint","urlTemplate":"https:\/\/vpdlevel.pl\/?s={search_term_string}"},"query-input":{"@type":"PropertyValueSpecification","valueRequired":true,"valueName":"search_term_string"}}],"inLanguage":"en-US"},{"@type":"Organization","@id":"https:\/\/vpdlevel.pl\/#organization","name":"vpdlevel","url":"https:\/\/vpdlevel.pl\/","logo":{"@type":"ImageObject","inLanguage":"en-US","@id":"https:\/\/vpdlevel.pl\/#\/schema\/logo\/image\/","url":"https:\/\/vpdlevel.pl\/wp-content\/uploads\/2025\/05\/vpdleveldescriptor-vector-02-scaled-e1763548084162.png","contentUrl":"https:\/\/vpdlevel.pl\/wp-content\/uploads\/2025\/05\/vpdleveldescriptor-vector-02-scaled-e1763548084162.png","width":1984,"height":405,"caption":"vpdlevel"},"image":{"@id":"https:\/\/vpdlevel.pl\/#\/schema\/logo\/image\/"}}]}},"_links":{"self":[{"href":"https:\/\/vpdlevel.pl\/en\/wp-json\/wp\/v2\/pages\/3386","targetHints":{"allow":["GET"]}}],"collection":[{"href":"https:\/\/vpdlevel.pl\/en\/wp-json\/wp\/v2\/pages"}],"about":[{"href":"https:\/\/vpdlevel.pl\/en\/wp-json\/wp\/v2\/types\/page"}],"author":[{"embeddable":true,"href":"https:\/\/vpdlevel.pl\/en\/wp-json\/wp\/v2\/users\/1"}],"replies":[{"embeddable":true,"href":"https:\/\/vpdlevel.pl\/en\/wp-json\/wp\/v2\/comments?post=3386"}],"version-history":[{"count":0,"href":"https:\/\/vpdlevel.pl\/en\/wp-json\/wp\/v2\/pages\/3386\/revisions"}],"up":[{"embeddable":true,"href":"https:\/\/vpdlevel.pl\/en\/wp-json\/wp\/v2\/pages\/3260"}],"wp:attachment":[{"href":"https:\/\/vpdlevel.pl\/en\/wp-json\/wp\/v2\/media?parent=3386"}],"curies":[{"name":"wp","href":"https:\/\/api.w.org\/{rel}","templated":true}]}}