{"id":3393,"date":"2026-01-19T18:04:59","date_gmt":"2026-01-19T16:04:59","guid":{"rendered":"https:\/\/vpdlevel.pl\/?page_id=3393"},"modified":"2026-02-20T19:47:43","modified_gmt":"2026-02-20T17:47:43","slug":"storage-long-term","status":"publish","type":"page","link":"https:\/\/vpdlevel.pl\/en\/packaging-and-storage\/storage-long-term\/","title":{"rendered":"Long-term storage"},"content":{"rendered":"","protected":false},"excerpt":{"rendered":"","protected":false},"author":1,"featured_media":0,"parent":3260,"menu_order":54,"comment_status":"closed","ping_status":"closed","template":"","meta":{"_acf_changed":false,"inline_featured_image":false,"footnotes":""},"class_list":["post-3393","page","type-page","status-publish","hentry"],"acf":[],"yoast_head":"<!-- This site is optimized with the Yoast SEO plugin v27.1.1 - https:\/\/yoast.com\/product\/yoast-seo-wordpress\/ -->\n<title>Magazynowanie d\u0142ugoterminowe w Warszawa<\/title>\n<meta name=\"description\" content=\"Bezpieczne magazynowanie d\u0142ugoterminowe mebli i rzeczy w Warszawie. Monitoring i pe\u0142na ochrona.\" \/>\n<meta name=\"robots\" content=\"index, follow, max-snippet:-1, max-image-preview:large, max-video-preview:-1\" \/>\n<link rel=\"canonical\" href=\"https:\/\/vpdlevel.pl\/en\/packaging-and-storage\/storage-long-term\/\" \/>\n<meta property=\"og:locale\" content=\"en_US\" \/>\n<meta property=\"og:type\" content=\"article\" \/>\n<meta property=\"og:title\" content=\"Magazynowanie d\u0142ugoterminowe w Warszawa\" \/>\n<meta property=\"og:description\" content=\"Bezpieczne magazynowanie d\u0142ugoterminowe mebli i rzeczy w Warszawie. Monitoring i pe\u0142na ochrona.\" \/>\n<meta property=\"og:url\" content=\"https:\/\/vpdlevel.pl\/en\/packaging-and-storage\/storage-long-term\/\" \/>\n<meta property=\"og:site_name\" content=\"vpdlevel\" \/>\n<meta property=\"article:modified_time\" content=\"2026-02-20T17:47:43+00:00\" \/>\n<meta name=\"twitter:card\" content=\"summary_large_image\" \/>\n<script type=\"application\/ld+json\" class=\"yoast-schema-graph\">{\"@context\":\"https:\/\/schema.org\",\"@graph\":[{\"@type\":\"WebPage\",\"@id\":\"https:\/\/vpdlevel.pl\/pakowanie-i-magazynowanie\/magazynowanie-dlugoterminowe\/\",\"url\":\"https:\/\/vpdlevel.pl\/pakowanie-i-magazynowanie\/magazynowanie-dlugoterminowe\/\",\"name\":\"Magazynowanie d\u0142ugoterminowe w Warszawa\",\"isPartOf\":{\"@id\":\"https:\/\/vpdlevel.pl\/ru\/#website\"},\"datePublished\":\"2026-01-19T16:04:59+00:00\",\"dateModified\":\"2026-02-20T17:47:43+00:00\",\"description\":\"Bezpieczne magazynowanie d\u0142ugoterminowe mebli i rzeczy w Warszawie. Monitoring i pe\u0142na ochrona.\",\"breadcrumb\":{\"@id\":\"https:\/\/vpdlevel.pl\/pakowanie-i-magazynowanie\/magazynowanie-dlugoterminowe\/#breadcrumb\"},\"inLanguage\":\"en-US\",\"potentialAction\":[{\"@type\":\"ReadAction\",\"target\":[\"https:\/\/vpdlevel.pl\/pakowanie-i-magazynowanie\/magazynowanie-dlugoterminowe\/\"]}]},{\"@type\":\"BreadcrumbList\",\"@id\":\"https:\/\/vpdlevel.pl\/pakowanie-i-magazynowanie\/magazynowanie-dlugoterminowe\/#breadcrumb\",\"itemListElement\":[{\"@type\":\"ListItem\",\"position\":1,\"name\":\"Strona g\u0142\u00f3wna\",\"item\":\"https:\/\/vpdlevel.pl\/ru\/\"},{\"@type\":\"ListItem\",\"position\":2,\"name\":\"Pakowanie i magazynowanie\",\"item\":\"https:\/\/vpdlevel.pl\/pakowanie-i-magazynowanie\/\"},{\"@type\":\"ListItem\",\"position\":3,\"name\":\"Magazynowanie d\u0142ugoterminowe\"}]},{\"@type\":\"WebSite\",\"@id\":\"https:\/\/vpdlevel.pl\/ru\/#website\",\"url\":\"https:\/\/vpdlevel.pl\/ru\/\",\"name\":\"vpdlevel\",\"description\":\"Przeprowadzki i transport towar\u00f3w\",\"publisher\":{\"@id\":\"https:\/\/vpdlevel.pl\/ru\/#organization\"},\"potentialAction\":[{\"@type\":\"SearchAction\",\"target\":{\"@type\":\"EntryPoint\",\"urlTemplate\":\"https:\/\/vpdlevel.pl\/ru\/?s={search_term_string}\"},\"query-input\":{\"@type\":\"PropertyValueSpecification\",\"valueRequired\":true,\"valueName\":\"search_term_string\"}}],\"inLanguage\":\"en-US\"},{\"@type\":\"Organization\",\"@id\":\"https:\/\/vpdlevel.pl\/ru\/#organization\",\"name\":\"vpdlevel\",\"url\":\"https:\/\/vpdlevel.pl\/ru\/\",\"logo\":{\"@type\":\"ImageObject\",\"inLanguage\":\"en-US\",\"@id\":\"https:\/\/vpdlevel.pl\/ru\/#\/schema\/logo\/image\/\",\"url\":\"https:\/\/vpdlevel.pl\/wp-content\/uploads\/2025\/05\/vpdleveldescriptor-vector-02-scaled-e1763548084162.png\",\"contentUrl\":\"https:\/\/vpdlevel.pl\/wp-content\/uploads\/2025\/05\/vpdleveldescriptor-vector-02-scaled-e1763548084162.png\",\"width\":1984,\"height\":405,\"caption\":\"vpdlevel\"},\"image\":{\"@id\":\"https:\/\/vpdlevel.pl\/ru\/#\/schema\/logo\/image\/\"}}]}<\/script>\n<!-- \/ Yoast SEO plugin. -->","yoast_head_json":{"title":"Long-term storage in Warsaw","description":"Reliable long-term storage of furniture and personal belongings in Warsaw. Monitoring and full security.","robots":{"index":"index","follow":"follow","max-snippet":"max-snippet:-1","max-image-preview":"max-image-preview:large","max-video-preview":"max-video-preview:-1"},"canonical":"https:\/\/vpdlevel.pl\/en\/packaging-and-storage\/storage-long-term\/","og_locale":"en_US","og_type":"article","og_title":"Magazynowanie d\u0142ugoterminowe w Warszawa","og_description":"Bezpieczne magazynowanie d\u0142ugoterminowe mebli i rzeczy w Warszawie. Monitoring i pe\u0142na ochrona.","og_url":"https:\/\/vpdlevel.pl\/en\/packaging-and-storage\/storage-long-term\/","og_site_name":"vpdlevel","article_modified_time":"2026-02-20T17:47:43+00:00","twitter_card":"summary_large_image","schema":{"@context":"https:\/\/schema.org","@graph":[{"@type":"WebPage","@id":"https:\/\/vpdlevel.pl\/pakowanie-i-magazynowanie\/magazynowanie-dlugoterminowe\/","url":"https:\/\/vpdlevel.pl\/pakowanie-i-magazynowanie\/magazynowanie-dlugoterminowe\/","name":"Long-term storage in Warsaw","isPartOf":{"@id":"https:\/\/vpdlevel.pl\/ru\/#website"},"datePublished":"2026-01-19T16:04:59+00:00","dateModified":"2026-02-20T17:47:43+00:00","description":"Reliable long-term storage of furniture and personal belongings in Warsaw. Monitoring and full security.","breadcrumb":{"@id":"https:\/\/vpdlevel.pl\/pakowanie-i-magazynowanie\/magazynowanie-dlugoterminowe\/#breadcrumb"},"inLanguage":"en-US","potentialAction":[{"@type":"ReadAction","target":["https:\/\/vpdlevel.pl\/pakowanie-i-magazynowanie\/magazynowanie-dlugoterminowe\/"]}]},{"@type":"BreadcrumbList","@id":"https:\/\/vpdlevel.pl\/pakowanie-i-magazynowanie\/magazynowanie-dlugoterminowe\/#breadcrumb","itemListElement":[{"@type":"ListItem","position":1,"name":"Strona g\u0142\u00f3wna","item":"https:\/\/vpdlevel.pl\/ru\/"},{"@type":"ListItem","position":2,"name":"Pakowanie i magazynowanie","item":"https:\/\/vpdlevel.pl\/pakowanie-i-magazynowanie\/"},{"@type":"ListItem","position":3,"name":"Magazynowanie d\u0142ugoterminowe"}]},{"@type":"WebSite","@id":"https:\/\/vpdlevel.pl\/ru\/#website","url":"https:\/\/vpdlevel.pl\/ru\/","name":"vpdlevel","description":"Removals and transportation of goods","publisher":{"@id":"https:\/\/vpdlevel.pl\/ru\/#organization"},"potentialAction":[{"@type":"SearchAction","target":{"@type":"EntryPoint","urlTemplate":"https:\/\/vpdlevel.pl\/ru\/?s={search_term_string}"},"query-input":{"@type":"PropertyValueSpecification","valueRequired":true,"valueName":"search_term_string"}}],"inLanguage":"en-US"},{"@type":"Organization","@id":"https:\/\/vpdlevel.pl\/ru\/#organization","name":"vpdlevel","url":"https:\/\/vpdlevel.pl\/ru\/","logo":{"@type":"ImageObject","inLanguage":"en-US","@id":"https:\/\/vpdlevel.pl\/ru\/#\/schema\/logo\/image\/","url":"https:\/\/vpdlevel.pl\/wp-content\/uploads\/2025\/05\/vpdleveldescriptor-vector-02-scaled-e1763548084162.png","contentUrl":"https:\/\/vpdlevel.pl\/wp-content\/uploads\/2025\/05\/vpdleveldescriptor-vector-02-scaled-e1763548084162.png","width":1984,"height":405,"caption":"vpdlevel"},"image":{"@id":"https:\/\/vpdlevel.pl\/ru\/#\/schema\/logo\/image\/"}}]}},"_links":{"self":[{"href":"https:\/\/vpdlevel.pl\/en\/wp-json\/wp\/v2\/pages\/3393","targetHints":{"allow":["GET"]}}],"collection":[{"href":"https:\/\/vpdlevel.pl\/en\/wp-json\/wp\/v2\/pages"}],"about":[{"href":"https:\/\/vpdlevel.pl\/en\/wp-json\/wp\/v2\/types\/page"}],"author":[{"embeddable":true,"href":"https:\/\/vpdlevel.pl\/en\/wp-json\/wp\/v2\/users\/1"}],"replies":[{"embeddable":true,"href":"https:\/\/vpdlevel.pl\/en\/wp-json\/wp\/v2\/comments?post=3393"}],"version-history":[{"count":0,"href":"https:\/\/vpdlevel.pl\/en\/wp-json\/wp\/v2\/pages\/3393\/revisions"}],"up":[{"embeddable":true,"href":"https:\/\/vpdlevel.pl\/en\/wp-json\/wp\/v2\/pages\/3260"}],"wp:attachment":[{"href":"https:\/\/vpdlevel.pl\/en\/wp-json\/wp\/v2\/media?parent=3393"}],"curies":[{"name":"wp","href":"https:\/\/api.w.org\/{rel}","templated":true}]}}