{"id":3333,"date":"2026-01-19T12:12:27","date_gmt":"2026-01-19T10:12:27","guid":{"rendered":"https:\/\/vpdlevel.pl\/?page_id=3333"},"modified":"2026-02-23T21:26:18","modified_gmt":"2026-02-23T19:26:18","slug":"vyvoz-stroitelnyh-othodov","status":"publish","type":"page","link":"https:\/\/vpdlevel.pl\/ru\/vyvoz-i-utilizaciya-krupnogabaritnyh-i-stroitelnyh-othodov\/vyvoz-stroitelnyh-othodov\/","title":{"rendered":"\u0412\u044b\u0432\u043e\u0437 \u0441\u0442\u0440\u043e\u0438\u0442\u0435\u043b\u044c\u043d\u044b\u0445 \u043e\u0442\u0445\u043e\u0434\u043e\u0432"},"content":{"rendered":"","protected":false},"excerpt":{"rendered":"","protected":false},"author":1,"featured_media":0,"parent":3248,"menu_order":28,"comment_status":"closed","ping_status":"closed","template":"","meta":{"_acf_changed":false,"inline_featured_image":false,"footnotes":""},"class_list":["post-3333","page","type-page","status-publish","hentry"],"acf":[],"yoast_head":"<!-- This site is optimized with the Yoast SEO plugin v27.1.1 - https:\/\/yoast.com\/product\/yoast-seo-wordpress\/ -->\n<title>Wyw\u00f3z odpad\u00f3w budowlanych Warszawa<\/title>\n<meta name=\"description\" content=\"Legalny wyw\u00f3z odpad\u00f3w budowlanych w Warszawie \u2013 sprawnie i terminowo.\" \/>\n<meta name=\"robots\" content=\"index, follow, max-snippet:-1, max-image-preview:large, max-video-preview:-1\" \/>\n<link rel=\"canonical\" href=\"https:\/\/vpdlevel.pl\/ru\/vyvoz-i-utilizaciya-krupnogabaritnyh-i-stroitelnyh-othodov\/vyvoz-stroitelnyh-othodov\/\" \/>\n<meta property=\"og:locale\" content=\"ru_RU\" \/>\n<meta property=\"og:type\" content=\"article\" \/>\n<meta property=\"og:title\" content=\"Wyw\u00f3z odpad\u00f3w budowlanych Warszawa\" \/>\n<meta property=\"og:description\" content=\"Legalny wyw\u00f3z odpad\u00f3w budowlanych w Warszawie \u2013 sprawnie i terminowo.\" \/>\n<meta property=\"og:url\" content=\"https:\/\/vpdlevel.pl\/ru\/vyvoz-i-utilizaciya-krupnogabaritnyh-i-stroitelnyh-othodov\/vyvoz-stroitelnyh-othodov\/\" \/>\n<meta property=\"og:site_name\" content=\"vpdlevel\" \/>\n<meta property=\"article:modified_time\" content=\"2026-02-23T19:26:18+00:00\" \/>\n<meta name=\"twitter:card\" content=\"summary_large_image\" \/>\n<script type=\"application\/ld+json\" class=\"yoast-schema-graph\">{\"@context\":\"https:\/\/schema.org\",\"@graph\":[{\"@type\":\"WebPage\",\"@id\":\"https:\/\/vpdlevel.pl\/ru\/vyvoz-i-utilizaciya-krupnogabaritnyh-i-stroitelnyh-othodov\/vyvoz-stroitelnyh-othodov\/\",\"url\":\"https:\/\/vpdlevel.pl\/ru\/vyvoz-i-utilizaciya-krupnogabaritnyh-i-stroitelnyh-othodov\/vyvoz-stroitelnyh-othodov\/\",\"name\":\"Wyw\u00f3z odpad\u00f3w budowlanych Warszawa\",\"isPartOf\":{\"@id\":\"https:\/\/vpdlevel.pl\/ru\/#website\"},\"datePublished\":\"2026-01-19T10:12:27+00:00\",\"dateModified\":\"2026-02-23T19:26:18+00:00\",\"description\":\"Legalny wyw\u00f3z odpad\u00f3w budowlanych w Warszawie \u2013 sprawnie i terminowo.\",\"breadcrumb\":{\"@id\":\"https:\/\/vpdlevel.pl\/ru\/vyvoz-i-utilizaciya-krupnogabaritnyh-i-stroitelnyh-othodov\/vyvoz-stroitelnyh-othodov\/#breadcrumb\"},\"inLanguage\":\"ru-RU\",\"potentialAction\":[{\"@type\":\"ReadAction\",\"target\":[\"https:\/\/vpdlevel.pl\/ru\/vyvoz-i-utilizaciya-krupnogabaritnyh-i-stroitelnyh-othodov\/vyvoz-stroitelnyh-othodov\/\"]}]},{\"@type\":\"BreadcrumbList\",\"@id\":\"https:\/\/vpdlevel.pl\/ru\/vyvoz-i-utilizaciya-krupnogabaritnyh-i-stroitelnyh-othodov\/vyvoz-stroitelnyh-othodov\/#breadcrumb\",\"itemListElement\":[{\"@type\":\"ListItem\",\"position\":1,\"name\":\"Strona g\u0142\u00f3wna\",\"item\":\"https:\/\/vpdlevel.pl\/ru\/\"},{\"@type\":\"ListItem\",\"position\":2,\"name\":\"Wyw\u00f3z i utylizacja odpad\u00f3w wielkogabarytowych i budowlanych\",\"item\":\"https:\/\/vpdlevel.pl\/en\/export-and-disposal-of-bulky-and-construction-waste\/\"},{\"@type\":\"ListItem\",\"position\":3,\"name\":\"Wyw\u00f3z odpad\u00f3w budowlanych\"}]},{\"@type\":\"WebSite\",\"@id\":\"https:\/\/vpdlevel.pl\/ru\/#website\",\"url\":\"https:\/\/vpdlevel.pl\/ru\/\",\"name\":\"vpdlevel\",\"description\":\"Przeprowadzki i transport towar\u00f3w\",\"publisher\":{\"@id\":\"https:\/\/vpdlevel.pl\/ru\/#organization\"},\"potentialAction\":[{\"@type\":\"SearchAction\",\"target\":{\"@type\":\"EntryPoint\",\"urlTemplate\":\"https:\/\/vpdlevel.pl\/ru\/?s={search_term_string}\"},\"query-input\":{\"@type\":\"PropertyValueSpecification\",\"valueRequired\":true,\"valueName\":\"search_term_string\"}}],\"inLanguage\":\"ru-RU\"},{\"@type\":\"Organization\",\"@id\":\"https:\/\/vpdlevel.pl\/ru\/#organization\",\"name\":\"vpdlevel\",\"url\":\"https:\/\/vpdlevel.pl\/ru\/\",\"logo\":{\"@type\":\"ImageObject\",\"inLanguage\":\"ru-RU\",\"@id\":\"https:\/\/vpdlevel.pl\/ru\/#\/schema\/logo\/image\/\",\"url\":\"https:\/\/vpdlevel.pl\/wp-content\/uploads\/2025\/05\/vpdleveldescriptor-vector-02-scaled-e1763548084162.png\",\"contentUrl\":\"https:\/\/vpdlevel.pl\/wp-content\/uploads\/2025\/05\/vpdleveldescriptor-vector-02-scaled-e1763548084162.png\",\"width\":1984,\"height\":405,\"caption\":\"vpdlevel\"},\"image\":{\"@id\":\"https:\/\/vpdlevel.pl\/ru\/#\/schema\/logo\/image\/\"}}]}<\/script>\n<!-- \/ Yoast SEO plugin. -->","yoast_head_json":{"title":"\u0412\u044b\u0432\u043e\u0437 \u0441\u0442\u0440\u043e\u0438\u0442\u0435\u043b\u044c\u043d\u044b\u0445 \u043e\u0442\u0445\u043e\u0434\u043e\u0432 \u0432 \u0412\u0430\u0440\u0448\u0430\u0432\u0435","description":"\u0417\u0430\u043a\u043e\u043d\u043d\u044b\u0439 \u0432\u044b\u0432\u043e\u0437 \u0441\u0442\u0440\u043e\u0438\u0442\u0435\u043b\u044c\u043d\u043e\u0433\u043e \u043c\u0443\u0441\u043e\u0440\u0430 \u0432 \u0412\u0430\u0440\u0448\u0430\u0432\u0435 \u2013 \u044d\u0444\u0444\u0435\u043a\u0442\u0438\u0432\u043d\u043e \u0438 \u0432 \u0441\u0440\u043e\u043a.","robots":{"index":"index","follow":"follow","max-snippet":"max-snippet:-1","max-image-preview":"max-image-preview:large","max-video-preview":"max-video-preview:-1"},"canonical":"https:\/\/vpdlevel.pl\/ru\/vyvoz-i-utilizaciya-krupnogabaritnyh-i-stroitelnyh-othodov\/vyvoz-stroitelnyh-othodov\/","og_locale":"ru_RU","og_type":"article","og_title":"Wyw\u00f3z odpad\u00f3w budowlanych Warszawa","og_description":"Legalny wyw\u00f3z odpad\u00f3w budowlanych w Warszawie \u2013 sprawnie i terminowo.","og_url":"https:\/\/vpdlevel.pl\/ru\/vyvoz-i-utilizaciya-krupnogabaritnyh-i-stroitelnyh-othodov\/vyvoz-stroitelnyh-othodov\/","og_site_name":"vpdlevel","article_modified_time":"2026-02-23T19:26:18+00:00","twitter_card":"summary_large_image","schema":{"@context":"https:\/\/schema.org","@graph":[{"@type":"WebPage","@id":"https:\/\/vpdlevel.pl\/ru\/vyvoz-i-utilizaciya-krupnogabaritnyh-i-stroitelnyh-othodov\/vyvoz-stroitelnyh-othodov\/","url":"https:\/\/vpdlevel.pl\/ru\/vyvoz-i-utilizaciya-krupnogabaritnyh-i-stroitelnyh-othodov\/vyvoz-stroitelnyh-othodov\/","name":"\u0412\u044b\u0432\u043e\u0437 \u0441\u0442\u0440\u043e\u0438\u0442\u0435\u043b\u044c\u043d\u044b\u0445 \u043e\u0442\u0445\u043e\u0434\u043e\u0432 \u0432 \u0412\u0430\u0440\u0448\u0430\u0432\u0435","isPartOf":{"@id":"https:\/\/vpdlevel.pl\/ru\/#website"},"datePublished":"2026-01-19T10:12:27+00:00","dateModified":"2026-02-23T19:26:18+00:00","description":"\u0417\u0430\u043a\u043e\u043d\u043d\u044b\u0439 \u0432\u044b\u0432\u043e\u0437 \u0441\u0442\u0440\u043e\u0438\u0442\u0435\u043b\u044c\u043d\u043e\u0433\u043e \u043c\u0443\u0441\u043e\u0440\u0430 \u0432 \u0412\u0430\u0440\u0448\u0430\u0432\u0435 \u2013 \u044d\u0444\u0444\u0435\u043a\u0442\u0438\u0432\u043d\u043e \u0438 \u0432 \u0441\u0440\u043e\u043a.","breadcrumb":{"@id":"https:\/\/vpdlevel.pl\/ru\/vyvoz-i-utilizaciya-krupnogabaritnyh-i-stroitelnyh-othodov\/vyvoz-stroitelnyh-othodov\/#breadcrumb"},"inLanguage":"ru-RU","potentialAction":[{"@type":"ReadAction","target":["https:\/\/vpdlevel.pl\/ru\/vyvoz-i-utilizaciya-krupnogabaritnyh-i-stroitelnyh-othodov\/vyvoz-stroitelnyh-othodov\/"]}]},{"@type":"BreadcrumbList","@id":"https:\/\/vpdlevel.pl\/ru\/vyvoz-i-utilizaciya-krupnogabaritnyh-i-stroitelnyh-othodov\/vyvoz-stroitelnyh-othodov\/#breadcrumb","itemListElement":[{"@type":"ListItem","position":1,"name":"Strona g\u0142\u00f3wna","item":"https:\/\/vpdlevel.pl\/ru\/"},{"@type":"ListItem","position":2,"name":"Wyw\u00f3z i utylizacja odpad\u00f3w wielkogabarytowych i budowlanych","item":"https:\/\/vpdlevel.pl\/en\/export-and-disposal-of-bulky-and-construction-waste\/"},{"@type":"ListItem","position":3,"name":"Wyw\u00f3z odpad\u00f3w budowlanych"}]},{"@type":"WebSite","@id":"https:\/\/vpdlevel.pl\/ru\/#website","url":"https:\/\/vpdlevel.pl\/ru\/","name":"vpdlevel","description":"\u041f\u0435\u0440\u0435\u0432\u043e\u0437\u043a\u0438 \u0438 \u0442\u0440\u0430\u043d\u0441\u043f\u043e\u0440\u0442\u0438\u0440\u043e\u0432\u043a\u0430 \u0433\u0440\u0443\u0437\u043e\u0432","publisher":{"@id":"https:\/\/vpdlevel.pl\/ru\/#organization"},"potentialAction":[{"@type":"SearchAction","target":{"@type":"EntryPoint","urlTemplate":"https:\/\/vpdlevel.pl\/ru\/?s={search_term_string}"},"query-input":{"@type":"PropertyValueSpecification","valueRequired":true,"valueName":"search_term_string"}}],"inLanguage":"ru-RU"},{"@type":"Organization","@id":"https:\/\/vpdlevel.pl\/ru\/#organization","name":"vpdlevel","url":"https:\/\/vpdlevel.pl\/ru\/","logo":{"@type":"ImageObject","inLanguage":"ru-RU","@id":"https:\/\/vpdlevel.pl\/ru\/#\/schema\/logo\/image\/","url":"https:\/\/vpdlevel.pl\/wp-content\/uploads\/2025\/05\/vpdleveldescriptor-vector-02-scaled-e1763548084162.png","contentUrl":"https:\/\/vpdlevel.pl\/wp-content\/uploads\/2025\/05\/vpdleveldescriptor-vector-02-scaled-e1763548084162.png","width":1984,"height":405,"caption":"vpdlevel"},"image":{"@id":"https:\/\/vpdlevel.pl\/ru\/#\/schema\/logo\/image\/"}}]}},"_links":{"self":[{"href":"https:\/\/vpdlevel.pl\/ru\/wp-json\/wp\/v2\/pages\/3333","targetHints":{"allow":["GET"]}}],"collection":[{"href":"https:\/\/vpdlevel.pl\/ru\/wp-json\/wp\/v2\/pages"}],"about":[{"href":"https:\/\/vpdlevel.pl\/ru\/wp-json\/wp\/v2\/types\/page"}],"author":[{"embeddable":true,"href":"https:\/\/vpdlevel.pl\/ru\/wp-json\/wp\/v2\/users\/1"}],"replies":[{"embeddable":true,"href":"https:\/\/vpdlevel.pl\/ru\/wp-json\/wp\/v2\/comments?post=3333"}],"version-history":[{"count":0,"href":"https:\/\/vpdlevel.pl\/ru\/wp-json\/wp\/v2\/pages\/3333\/revisions"}],"up":[{"embeddable":true,"href":"https:\/\/vpdlevel.pl\/ru\/wp-json\/wp\/v2\/pages\/3248"}],"wp:attachment":[{"href":"https:\/\/vpdlevel.pl\/ru\/wp-json\/wp\/v2\/media?parent=3333"}],"curies":[{"name":"wp","href":"https:\/\/api.w.org\/{rel}","templated":true}]}}