{"id":3345,"date":"2026-01-19T12:25:00","date_gmt":"2026-01-19T10:25:00","guid":{"rendered":"https:\/\/vpdlevel.pl\/?page_id=3345"},"modified":"2026-02-27T14:49:39","modified_gmt":"2026-02-27T12:49:39","slug":"sborka-mebeli-ikea","status":"publish","type":"page","link":"https:\/\/vpdlevel.pl\/ru\/sborka-i-demontazh-mebeli\/sborka-mebeli-ikea\/","title":{"rendered":"\u0421\u0431\u043e\u0440\u043a\u0430 \u043c\u0435\u0431\u0435\u043b\u0438 \u0418\u041a\u0415\u0410"},"content":{"rendered":"","protected":false},"excerpt":{"rendered":"","protected":false},"author":1,"featured_media":0,"parent":3251,"menu_order":36,"comment_status":"closed","ping_status":"closed","template":"","meta":{"_acf_changed":false,"inline_featured_image":false,"footnotes":""},"class_list":["post-3345","page","type-page","status-publish","hentry"],"acf":[],"yoast_head":"<!-- This site is optimized with the Yoast SEO plugin v27.1.1 - https:\/\/yoast.com\/product\/yoast-seo-wordpress\/ -->\n<title>Monta\u017c mebli IKEA Warszawa<\/title>\n<meta name=\"description\" content=\"Szybki i profesjonalny monta\u017c mebli IKEA w Warszawie. Gwarancja dok\u0142adno\u015bci i solidno\u015bci wykonania.\" \/>\n<meta name=\"robots\" content=\"index, follow, max-snippet:-1, max-image-preview:large, max-video-preview:-1\" \/>\n<link rel=\"canonical\" href=\"https:\/\/vpdlevel.pl\/ru\/sborka-i-demontazh-mebeli\/sborka-mebeli-ikea\/\" \/>\n<meta property=\"og:locale\" content=\"ru_RU\" \/>\n<meta property=\"og:type\" content=\"article\" \/>\n<meta property=\"og:title\" content=\"Monta\u017c mebli IKEA Warszawa\" \/>\n<meta property=\"og:description\" content=\"Szybki i profesjonalny monta\u017c mebli IKEA w Warszawie. Gwarancja dok\u0142adno\u015bci i solidno\u015bci wykonania.\" \/>\n<meta property=\"og:url\" content=\"https:\/\/vpdlevel.pl\/ru\/sborka-i-demontazh-mebeli\/sborka-mebeli-ikea\/\" \/>\n<meta property=\"og:site_name\" content=\"vpdlevel\" \/>\n<meta property=\"article:modified_time\" content=\"2026-02-27T12:49:39+00:00\" \/>\n<meta name=\"twitter:card\" content=\"summary_large_image\" \/>\n<script type=\"application\/ld+json\" class=\"yoast-schema-graph\">{\"@context\":\"https:\/\/schema.org\",\"@graph\":[{\"@type\":\"WebPage\",\"@id\":\"https:\/\/vpdlevel.pl\/montaz-i-demontaz-mebli\/montaz-mebli-ikea\/\",\"url\":\"https:\/\/vpdlevel.pl\/montaz-i-demontaz-mebli\/montaz-mebli-ikea\/\",\"name\":\"Monta\u017c mebli IKEA Warszawa\",\"isPartOf\":{\"@id\":\"https:\/\/vpdlevel.pl\/ru\/#website\"},\"datePublished\":\"2026-01-19T10:25:00+00:00\",\"dateModified\":\"2026-02-27T12:49:39+00:00\",\"description\":\"Szybki i profesjonalny monta\u017c mebli IKEA w Warszawie. Gwarancja dok\u0142adno\u015bci i solidno\u015bci wykonania.\",\"breadcrumb\":{\"@id\":\"https:\/\/vpdlevel.pl\/montaz-i-demontaz-mebli\/montaz-mebli-ikea\/#breadcrumb\"},\"inLanguage\":\"ru-RU\",\"potentialAction\":[{\"@type\":\"ReadAction\",\"target\":[\"https:\/\/vpdlevel.pl\/montaz-i-demontaz-mebli\/montaz-mebli-ikea\/\"]}]},{\"@type\":\"BreadcrumbList\",\"@id\":\"https:\/\/vpdlevel.pl\/montaz-i-demontaz-mebli\/montaz-mebli-ikea\/#breadcrumb\",\"itemListElement\":[{\"@type\":\"ListItem\",\"position\":1,\"name\":\"Strona g\u0142\u00f3wna\",\"item\":\"https:\/\/vpdlevel.pl\/ru\/\"},{\"@type\":\"ListItem\",\"position\":2,\"name\":\"Monta\u017c i demonta\u017c mebli\",\"item\":\"https:\/\/vpdlevel.pl\/ru\/sborka-i-demontazh-mebeli\/\"},{\"@type\":\"ListItem\",\"position\":3,\"name\":\"Monta\u017c mebli IKEA\"}]},{\"@type\":\"WebSite\",\"@id\":\"https:\/\/vpdlevel.pl\/ru\/#website\",\"url\":\"https:\/\/vpdlevel.pl\/ru\/\",\"name\":\"vpdlevel\",\"description\":\"Przeprowadzki i transport towar\u00f3w\",\"publisher\":{\"@id\":\"https:\/\/vpdlevel.pl\/ru\/#organization\"},\"potentialAction\":[{\"@type\":\"SearchAction\",\"target\":{\"@type\":\"EntryPoint\",\"urlTemplate\":\"https:\/\/vpdlevel.pl\/ru\/?s={search_term_string}\"},\"query-input\":{\"@type\":\"PropertyValueSpecification\",\"valueRequired\":true,\"valueName\":\"search_term_string\"}}],\"inLanguage\":\"ru-RU\"},{\"@type\":\"Organization\",\"@id\":\"https:\/\/vpdlevel.pl\/ru\/#organization\",\"name\":\"vpdlevel\",\"url\":\"https:\/\/vpdlevel.pl\/ru\/\",\"logo\":{\"@type\":\"ImageObject\",\"inLanguage\":\"ru-RU\",\"@id\":\"https:\/\/vpdlevel.pl\/ru\/#\/schema\/logo\/image\/\",\"url\":\"https:\/\/vpdlevel.pl\/wp-content\/uploads\/2025\/05\/vpdleveldescriptor-vector-02-scaled-e1763548084162.png\",\"contentUrl\":\"https:\/\/vpdlevel.pl\/wp-content\/uploads\/2025\/05\/vpdleveldescriptor-vector-02-scaled-e1763548084162.png\",\"width\":1984,\"height\":405,\"caption\":\"vpdlevel\"},\"image\":{\"@id\":\"https:\/\/vpdlevel.pl\/ru\/#\/schema\/logo\/image\/\"}}]}<\/script>\n<!-- \/ Yoast SEO plugin. -->","yoast_head_json":{"title":"\u0421\u0431\u043e\u0440\u043a\u0430 \u043c\u0435\u0431\u0435\u043b\u0438 IKEA \u0412\u0430\u0440\u0448\u0430\u0432\u0430","description":"\u0411\u044b\u0441\u0442\u0440\u0430\u044f \u0438 \u043f\u0440\u043e\u0444\u0435\u0441\u0441\u0438\u043e\u043d\u0430\u043b\u044c\u043d\u0430\u044f \u0441\u0431\u043e\u0440\u043a\u0430 \u043c\u0435\u0431\u0435\u043b\u0438 IKEA \u0432 \u0412\u0430\u0440\u0448\u0430\u0432\u0435. \u0413\u0430\u0440\u0430\u043d\u0442\u0438\u044f \u0442\u043e\u0447\u043d\u043e\u0441\u0442\u0438 \u0438 \u043d\u0430\u0434\u0435\u0436\u043d\u043e\u0441\u0442\u0438 \u0438\u0441\u043f\u043e\u043b\u043d\u0435\u043d\u0438\u044f.","robots":{"index":"index","follow":"follow","max-snippet":"max-snippet:-1","max-image-preview":"max-image-preview:large","max-video-preview":"max-video-preview:-1"},"canonical":"https:\/\/vpdlevel.pl\/ru\/sborka-i-demontazh-mebeli\/sborka-mebeli-ikea\/","og_locale":"ru_RU","og_type":"article","og_title":"Monta\u017c mebli IKEA Warszawa","og_description":"Szybki i profesjonalny monta\u017c mebli IKEA w Warszawie. Gwarancja dok\u0142adno\u015bci i solidno\u015bci wykonania.","og_url":"https:\/\/vpdlevel.pl\/ru\/sborka-i-demontazh-mebeli\/sborka-mebeli-ikea\/","og_site_name":"vpdlevel","article_modified_time":"2026-02-27T12:49:39+00:00","twitter_card":"summary_large_image","schema":{"@context":"https:\/\/schema.org","@graph":[{"@type":"WebPage","@id":"https:\/\/vpdlevel.pl\/montaz-i-demontaz-mebli\/montaz-mebli-ikea\/","url":"https:\/\/vpdlevel.pl\/montaz-i-demontaz-mebli\/montaz-mebli-ikea\/","name":"\u0421\u0431\u043e\u0440\u043a\u0430 \u043c\u0435\u0431\u0435\u043b\u0438 IKEA \u0412\u0430\u0440\u0448\u0430\u0432\u0430","isPartOf":{"@id":"https:\/\/vpdlevel.pl\/ru\/#website"},"datePublished":"2026-01-19T10:25:00+00:00","dateModified":"2026-02-27T12:49:39+00:00","description":"\u0411\u044b\u0441\u0442\u0440\u0430\u044f \u0438 \u043f\u0440\u043e\u0444\u0435\u0441\u0441\u0438\u043e\u043d\u0430\u043b\u044c\u043d\u0430\u044f \u0441\u0431\u043e\u0440\u043a\u0430 \u043c\u0435\u0431\u0435\u043b\u0438 IKEA \u0432 \u0412\u0430\u0440\u0448\u0430\u0432\u0435. \u0413\u0430\u0440\u0430\u043d\u0442\u0438\u044f \u0442\u043e\u0447\u043d\u043e\u0441\u0442\u0438 \u0438 \u043d\u0430\u0434\u0435\u0436\u043d\u043e\u0441\u0442\u0438 \u0438\u0441\u043f\u043e\u043b\u043d\u0435\u043d\u0438\u044f.","breadcrumb":{"@id":"https:\/\/vpdlevel.pl\/montaz-i-demontaz-mebli\/montaz-mebli-ikea\/#breadcrumb"},"inLanguage":"ru-RU","potentialAction":[{"@type":"ReadAction","target":["https:\/\/vpdlevel.pl\/montaz-i-demontaz-mebli\/montaz-mebli-ikea\/"]}]},{"@type":"BreadcrumbList","@id":"https:\/\/vpdlevel.pl\/montaz-i-demontaz-mebli\/montaz-mebli-ikea\/#breadcrumb","itemListElement":[{"@type":"ListItem","position":1,"name":"Strona g\u0142\u00f3wna","item":"https:\/\/vpdlevel.pl\/ru\/"},{"@type":"ListItem","position":2,"name":"Monta\u017c i demonta\u017c mebli","item":"https:\/\/vpdlevel.pl\/ru\/sborka-i-demontazh-mebeli\/"},{"@type":"ListItem","position":3,"name":"Monta\u017c mebli IKEA"}]},{"@type":"WebSite","@id":"https:\/\/vpdlevel.pl\/ru\/#website","url":"https:\/\/vpdlevel.pl\/ru\/","name":"vpdlevel","description":"\u041f\u0435\u0440\u0435\u0432\u043e\u0437\u043a\u0438 \u0438 \u0442\u0440\u0430\u043d\u0441\u043f\u043e\u0440\u0442\u0438\u0440\u043e\u0432\u043a\u0430 \u0433\u0440\u0443\u0437\u043e\u0432","publisher":{"@id":"https:\/\/vpdlevel.pl\/ru\/#organization"},"potentialAction":[{"@type":"SearchAction","target":{"@type":"EntryPoint","urlTemplate":"https:\/\/vpdlevel.pl\/ru\/?s={search_term_string}"},"query-input":{"@type":"PropertyValueSpecification","valueRequired":true,"valueName":"search_term_string"}}],"inLanguage":"ru-RU"},{"@type":"Organization","@id":"https:\/\/vpdlevel.pl\/ru\/#organization","name":"vpdlevel","url":"https:\/\/vpdlevel.pl\/ru\/","logo":{"@type":"ImageObject","inLanguage":"ru-RU","@id":"https:\/\/vpdlevel.pl\/ru\/#\/schema\/logo\/image\/","url":"https:\/\/vpdlevel.pl\/wp-content\/uploads\/2025\/05\/vpdleveldescriptor-vector-02-scaled-e1763548084162.png","contentUrl":"https:\/\/vpdlevel.pl\/wp-content\/uploads\/2025\/05\/vpdleveldescriptor-vector-02-scaled-e1763548084162.png","width":1984,"height":405,"caption":"vpdlevel"},"image":{"@id":"https:\/\/vpdlevel.pl\/ru\/#\/schema\/logo\/image\/"}}]}},"_links":{"self":[{"href":"https:\/\/vpdlevel.pl\/ru\/wp-json\/wp\/v2\/pages\/3345","targetHints":{"allow":["GET"]}}],"collection":[{"href":"https:\/\/vpdlevel.pl\/ru\/wp-json\/wp\/v2\/pages"}],"about":[{"href":"https:\/\/vpdlevel.pl\/ru\/wp-json\/wp\/v2\/types\/page"}],"author":[{"embeddable":true,"href":"https:\/\/vpdlevel.pl\/ru\/wp-json\/wp\/v2\/users\/1"}],"replies":[{"embeddable":true,"href":"https:\/\/vpdlevel.pl\/ru\/wp-json\/wp\/v2\/comments?post=3345"}],"version-history":[{"count":1,"href":"https:\/\/vpdlevel.pl\/ru\/wp-json\/wp\/v2\/pages\/3345\/revisions"}],"predecessor-version":[{"id":3889,"href":"https:\/\/vpdlevel.pl\/ru\/wp-json\/wp\/v2\/pages\/3345\/revisions\/3889"}],"up":[{"embeddable":true,"href":"https:\/\/vpdlevel.pl\/ru\/wp-json\/wp\/v2\/pages\/3251"}],"wp:attachment":[{"href":"https:\/\/vpdlevel.pl\/ru\/wp-json\/wp\/v2\/media?parent=3345"}],"curies":[{"name":"wp","href":"https:\/\/api.w.org\/{rel}","templated":true}]}}